{"id":1483,"date":"2021-03-18T11:07:14","date_gmt":"2021-03-18T11:07:14","guid":{"rendered":"https:\/\/tecnosistem.com\/la-termoformatrice\/"},"modified":"2021-08-23T08:57:35","modified_gmt":"2021-08-23T08:57:35","slug":"la-machine","status":"publish","type":"page","link":"https:\/\/tecnosistem.com\/fr\/la-machine\/","title":{"rendered":"La machine"},"content":{"rendered":"<p>[vc_row css_animation=\u00a0\u00bb\u00a0\u00bb row_type=\u00a0\u00bbrow\u00a0\u00bb use_row_as_full_screen_section=\u00a0\u00bbno\u00a0\u00bb type=\u00a0\u00bbgrid\u00a0\u00bb angled_section=\u00a0\u00bbno\u00a0\u00bb text_align=\u00a0\u00bbleft\u00a0\u00bb background_image_as_pattern=\u00a0\u00bbwithout_pattern\u00a0\u00bb z_index=\u00a0\u00bb\u00a0\u00bb el_class=\u00a0\u00bbrow-no-shrink wslsrq-row-dark\u00a0\u00bb css=\u00a0\u00bb.vc_custom_1617884740259{background-color: #000000 !important;}\u00a0\u00bb][vc_column width=\u00a0\u00bb1\/12&Prime; offset=\u00a0\u00bbvc_col-lg-1 vc_col-md-1 vc_col-xs-1&Prime;][vc_column_text]<\/p>\n<p class=\"application\" style=\"color: #9d9d9c;\">LA MACHINE<\/p>\n<p class=\"b-cards\">Du sur mesure,<br \/>\ndes mat\u00e9riaux raffin\u00e9s.<br \/>\nUne pr\u00e9cision incomparable.<\/p>\n<p class=\"b-card-des\">La station de formage, le remplissage des barquettes, l\u2018emballage sous vide \/ MAP, les stations de soudure et de d\u00e9coupe font partie de l\u2018\u00e9quipement robuste de chaque thermoformeuse.<br \/>\nUn processus de fabrication exclusivement interne, utilisant des mati\u00e8res premi\u00e8res haut de gamme, au moyen d\u2018un outillage de haute performance, un logiciel \u00e9lectronique d\u2018avant-garde, un assemblage \u00e9lectrique r\u00e9alis\u00e9 \u00e0 la main et des essais de grande envergure.<\/p>\n<p>[\/vc_column_text][\/vc_column][vc_column width=\u00a0\u00bb5\/12&Prime; css=\u00a0\u00bb.vc_custom_1617901897216{padding-left: 100px !important;}\u00a0\u00bb offset=\u00a0\u00bbvc_col-lg-5 vc_col-md-5 vc_col-xs-5&Prime; el_class=\u00a0\u00bbcol-sm-on-mob\u00a0\u00bb][vc_single_image image=\u00a0\u00bb1556&Prime; img_size=\u00a0\u00bbfull\u00a0\u00bb qode_css_animation=\u00a0\u00bb\u00a0\u00bb el_class=\u00a0\u00bbimg-org-hw\u00a0\u00bb][\/vc_column][vc_column width=\u00a0\u00bb1\/12&Prime; el_class=\u00a0\u00bbwidth-4&Prime; offset=\u00a0\u00bbvc_col-lg-1 vc_col-md-1 vc_col-xs-1&Prime;][\/vc_column][vc_column width=\u00a0\u00bb1\/12&Prime; offset=\u00a0\u00bbvc_col-lg-1 vc_col-md-1 vc_col-xs-1&Prime; css=\u00a0\u00bb.vc_custom_1618594352377{padding-top: 50px !important;}\u00a0\u00bb][vc_column_text]<\/p>\n<p class=\"application\" style=\"color: #9d9d9c;\">LA GAMME<\/p>\n<p class=\"b-cards\">Syst\u00e8mes de d\u00e9coupe disponibles<br \/>\npour les films rigides et flexibles<\/p>\n<p>[\/vc_column_text][vc_row_inner row_type=\u00a0\u00bbrow\u00a0\u00bb type=\u00a0\u00bbfull_width\u00a0\u00bb text_align=\u00a0\u00bbleft\u00a0\u00bb css_animation=\u00a0\u00bb\u00a0\u00bb][vc_column_inner][vc_column_text]<\/p>\n<p class=\"txt-img-p\"><span class=\"txt\">Coupe droite<br \/>\n<\/span> <span class=\"img\"><img loading=\"lazy\" class=\"alignnone size-full wp-image-1172\" src=\"https:\/\/tecnosistem.com\/wp-content\/uploads\/2021\/04\/01-icona-straight-cut.png\" alt=\"\" width=\"56\" height=\"35\" \/><\/span><\/p>\n<p class=\"txt-img-p\"><span class=\"txt\">Coupe dent\u00e9e<\/span> <span class=\"img\"><img loading=\"lazy\" class=\"alignnone size-full wp-image-1174\" src=\"https:\/\/tecnosistem.com\/wp-content\/uploads\/2021\/04\/02-icona-saw-tooth-cut.png\" alt=\"\" width=\"56\" height=\"35\" \/><\/span><\/p>\n<p class=\"txt-img-p\"><span class=\"txt\">Coins arrondis<\/span> <span class=\"img\"><img loading=\"lazy\" class=\"alignnone size-full wp-image-1176\" src=\"https:\/\/tecnosistem.com\/wp-content\/uploads\/2021\/04\/03-icona-rounded-corners.png\" alt=\"\" width=\"56\" height=\"35\" \/><\/span><\/p>\n<p class=\"txt-img-p\"><span class=\"txt\">Bords arrondis<\/span> <span class=\"img\"><img loading=\"lazy\" class=\"alignnone size-full wp-image-1178\" src=\"https:\/\/tecnosistem.com\/wp-content\/uploads\/2021\/04\/04-icona-wide-rounded-edges.png\" alt=\"\" width=\"56\" height=\"35\" \/><\/span><\/p>\n<p class=\"txt-img-p\"><span class=\"txt\">Coupe \u00e0 forme<\/span> <span class=\"img\"><img loading=\"lazy\" class=\"alignnone size-full wp-image-1180\" src=\"https:\/\/tecnosistem.com\/wp-content\/uploads\/2021\/04\/05-icona-shape-cut.png\" alt=\"\" width=\"164\" height=\"35\" \/><\/span><\/p>\n<p class=\"txt-img-p\"><span class=\"txt\">Emballages unique ou multiple<\/span> <span class=\"img\"><img loading=\"lazy\" class=\"alignnone size-full wp-image-1182\" src=\"https:\/\/tecnosistem.com\/wp-content\/uploads\/2021\/04\/06-icona-single-or-multipack.png\" alt=\"\" width=\"56\" height=\"35\" \/><\/span><\/p>\n<p class=\"txt-img-p\"><span class=\"txt\">Pre-coupe<\/span> <span class=\"img\"><img loading=\"lazy\" class=\"alignnone size-full wp-image-1184\" src=\"https:\/\/tecnosistem.com\/wp-content\/uploads\/2021\/04\/07-icona-pre-cut.png\" alt=\"\" width=\"56\" height=\"35\" \/><\/span><\/p>\n<p class=\"txt-img-p\"><span class=\"txt\">Trou de suspension de sac &#8211; trou euro<\/span> <span class=\"img\"><img loading=\"lazy\" class=\"alignnone size-full wp-image-1186\" src=\"https:\/\/tecnosistem.com\/wp-content\/uploads\/2021\/04\/08-icona-euro-hole-punching.png\" alt=\"\" width=\"56\" height=\"35\" \/><\/span><\/p>\n<p>[\/vc_column_text][\/vc_column_inner][\/vc_row_inner][\/vc_column][vc_column width=\u00a0\u00bb1\/12&Prime; el_class=\u00a0\u00bbwidth-5&Prime; offset=\u00a0\u00bbvc_col-lg-1 vc_col-md-1 vc_col-xs-1&Prime;][\/vc_column][vc_column width=\u00a0\u00bb1\/12&Prime; el_class=\u00a0\u00bbnews-style-column\u00a0\u00bb css=\u00a0\u00bb.vc_custom_1621602623942{margin-right: 3% !important;}\u00a0\u00bb][vc_column_text]<\/p>\n<p class=\"b-cards\">Donn\u00e9es techniques<\/p>\n<p>[\/vc_column_text][vc_column_text el_class=\u00a0\u00bbcustom-title-desc-block\u00a0\u00bb]<\/p>\n<h6 class=\"title\">LAIZE<\/h6>\n<p class=\"desc\">de 200 a 700 mm<\/p>\n<h6 class=\"title\">PAS D\u2019AVANCE<\/h6>\n<p class=\"desc\">de 100 \u00e0 1500 mm<\/p>\n<h6 class=\"title\">PROFONDEUR<\/h6>\n<p class=\"desc\">jusqu&rsquo;\u00e0 200 mm<\/p>\n<h6 class=\"title\">POIDS MAX DU PRODUIT<\/h6>\n<p class=\"desc\">jusqu&rsquo;\u00e0 30 kg<\/p>\n<h6 class=\"title\">PRODUCTIVIT\u00c9<\/h6>\n<p class=\"desc\">jusqu&rsquo;\u00e0 25 cycles \/ minute<\/p>\n<h6 class=\"title\">TECHNOLOGIE D\u2019EMBALLAGE<\/h6>\n<p class=\"desc\">Atmosph\u00e8re modifi\u00e9e \u2013 Sous vide \u2013<br \/>\nSoudage uniquement \u2013 ATM ambiant \u2013 Isopack \u2013<br \/>\nThermo-r\u00e9tractable [shrink pack] &#8211; Skin effect<\/p>\n<h6 class=\"title\"><span style=\"padding: 5px; color: #000;\">.<\/span><\/h6>\n<h6 class=\"title\">FILM INF\u00c9RIEUR<\/h6>\n<p class=\"desc\">Tous types de mat\u00e9riaux thermoformables &#8211; compostables [base de papier aussi]<\/p>\n<h6 class=\"title\">FILM SUP\u00c9RIEUR<\/h6>\n<p class=\"desc\">Tous types de mat\u00e9riaux thermoformables &#8211; compostables [base de papier aussi] &#8211; aluminium<\/p>\n<h6 class=\"title\">\u00c9PAISSEUR FILM INF\u00c9RIEUR<\/h6>\n<p class=\"desc\">Jusqu&rsquo;\u00e0 1000 \u00b5m<\/p>\n<h6 class=\"title\">\u00c9PAISSEUR FILM SUP\u00c9RIEUR<\/h6>\n<p class=\"desc\">Jusqu&rsquo;\u00e0 300 \u00b5m<\/p>\n<h6 class=\"title\">GAMME DE PRODUITS<\/h6>\n<p class=\"desc\">Viande &#8211; fromage &#8211; charcuterie enti\u00e8re &#8211; charcuterie &#8211; p\u00e2tes fra\u00eeches &#8211; pizzas et p\u00e2tisseries &#8211; poisson &#8211; 4\u00e8me et 5\u00e8me gamme &#8211; m\u00e9dical &#8211; non alimentaire<\/p>\n<h6 class=\"title\">TPM <span style=\"font-size: 12px;\">[Total Performance Management]<\/span> READY<\/h6>\n<div style=\"clear: both;\"><\/div>\n<h6 class=\"title\">4.0 READY<\/h6>\n<p>[\/vc_column_text][\/vc_column][\/vc_row][vc_row css_animation=\u00a0\u00bb\u00a0\u00bb row_type=\u00a0\u00bbrow\u00a0\u00bb use_row_as_full_screen_section=\u00a0\u00bbno\u00a0\u00bb type=\u00a0\u00bbfull_width\u00a0\u00bb angled_section=\u00a0\u00bbno\u00a0\u00bb text_align=\u00a0\u00bbleft\u00a0\u00bb background_image_as_pattern=\u00a0\u00bbwithout_pattern\u00a0\u00bb][vc_column][vc_raw_html el_class=\u00a0\u00bbscroll-animation\u00a0\u00bb]JTNDZGl2JTIwY2xhc3MlM0QlMjJpYy1tYWluLXNjcm9sbCUyMiUzRSUwQSUyMCUyMCUyMCUzQ2RpdiUyMGNsYXNzJTNEJTIyaWMtc2Nyb2xsJTIyJTIwc3R5bGUlM0QlMjJvcGFjaXR5JTNBJTIwMSUzQiUyMHZpc2liaWxpdHklM0ElMjBpbmhlcml0JTNCJTIyJTNFJTBBJTIwJTIwJTIwJTIwJTIwJTIwJTNDc3BhbiUyMGNsYXNzJTNEJTIyaWMtZm9udC1nJTIwSVQlMjIlM0VTQ1JPTEwlM0MlMkZzcGFuJTNFJTBBJTIwJTIwJTIwJTIwJTIwJTIwJTNDZGl2JTIwY2xhc3MlM0QlMjJpYy1zY3JvbGxfX2JhciUyMiUzRSUzQyUyRmRpdiUzRSUwQSUyMCUyMCUyMCUzQyUyRmRpdiUzRSUwQSUzQyUyRmRpdiUzRQ==[\/vc_raw_html][vc_raw_js]JTNDc2NyaXB0JTNFJTBBJTBBJTBBJTBBJTJGJTJGJTIwdmFyJTIwJTI0aGVhZGVyJTIwJTNEJTIwZG9jdW1lbnQuZ2V0RWxlbWVudHNCeUNsYXNzTmFtZSUyOCUyN3BhZ2VfaGVhZGVyJTI3JTI5JTVCMCU1RCUzQiUwQSUyRiUyRiUyMHZhciUyMGhlYWRlckhlaWdodCUyMCUzRCUyMCUyNGhlYWRlci5vZmZzZXRIZWlnaHQlM0IlMEElMEElMkYlMkYlMjB2YXIlMjB3aW5kb3dIZWlnaHQlMjAlM0QlMjB3aW5kb3cuaW5uZXJIZWlnaHQlM0IlMEElMkYlMkYlMjB2YXIlMjBjb250ZW50JTIwJTNEJTIwZG9jdW1lbnQuZ2V0RWxlbWVudHNCeUNsYXNzTmFtZSUyOCUyN2NvbnRlbnQlMjclMjklNUIwJTVEJTNCJTBBJTJGJTJGJTIwdmFyJTIwJTI0ZWxtJTIwJTNEJTIwZG9jdW1lbnQuZ2V0RWxlbWVudHNCeUNsYXNzTmFtZSUyOCUyN3Jvdy1uby1zaHJpbmslMjclMjklNUIwJTVEJTNCJTBBJTBBJTJGJTJGJTIwdmFyJTIwJTI0c3R5bGUlMjAlM0QlMjBjb250ZW50LmN1cnJlbnRTdHlsZSUyMCU3QyU3QyUyMHdpbmRvdy5nZXRDb21wdXRlZFN0eWxlJTI4Y29udGVudCUyOSUzQiUwQSUyRiUyRiUyMHZhciUyMGNvbnRNJTIwJTNEJTIwJTI0c3R5bGUubWFyZ2luVG9wJTNCJTBBJTJGJTJGJTIwdmFyJTIwbSUzQiUwQSUwQSUyRiUyRiUyMGlmJTI4Y29udE0lMjAlM0QlM0QlMjAlMjctMTAwcHglMjclMjklMjAlN0IlMEElMkYlMkYlMjAlMjAlMjBtJTIwJTNEJTIwMTAwJTNCJTBBJTJGJTJGJTIwJTdEJTIwZWxzZSUyMCU3QiUwQSUyRiUyRiUyMCUyMCUyMG0lMjAlM0QlMjAwJTNCJTBBJTJGJTJGJTIwJTdEJTBBJTJGJTJGJTIwdmFyJTIwcmVxSGVpZ2h0JTIwJTNEJTIwJTI4d2luZG93SGVpZ2h0JTIwLSUyMGhlYWRlckhlaWdodCUyOSUyMCUyQiUyMG0lM0IlMEElMEElMkYlMkYlMjBjb25zb2xlLmxvZyUyOHJlcUhlaWdodCUyMCUyQiUyMCUyNyUyMGFuZCUyME0lMjAlM0QlMjAlMjclMjAlMkIlMjBtJTI5JTNCJTBBJTJGJTJGJTIwJTI0ZWxtLnN0eWxlLmhlaWdodCUyMCUzRCUyMHJlcUhlaWdodCUyMCUyQiUyMCUyN3B4JTI3JTNCJTBBJTBBJTBBJTBBJTBBalF1ZXJ5JTI4ZG9jdW1lbnQlMjkucmVhZHklMjhmdW5jdGlvbiUyOCUyNCUyOSUyMCU3QiUwQSUwQXZhciUyMG15RWxlbWVudCUyMCUzRCUyMCUyNCUyOCUyNy5pYy1tYWluLXNjcm9sbCUyNyUyOSU1QjAlNUQlM0IlMEElMEElMEElMjQlMjglMjcucm93LW5vLXNocmluayUyMC5zZWN0aW9uX2lubmVyJTI3JTI5Lm9uJTI4JTI3c2Nyb2xsJTI3JTJDJTIwZnVuY3Rpb24lMjglMjklMjAlN0IlMEElMjAlMjAlMjAlMjB2YXIlMjBzdCUyMCUzRCUyMCUyNCUyOHRoaXMlMjkuc2Nyb2xsTGVmdCUyOCUyOSUzQiUwQSUwQSUyMCUyMCUyMCUyMCUyNCUyOG15RWxlbWVudCUyOS5jc3MlMjglN0IlMEElMjAlMjAlMjAlMjAlMjAlMjAlMjAlMjAlMjdvcGFjaXR5JTI3JTIwJTNBJTIwMSUyMC0lMjBzdCUyRjYwMCUwQSUyMCUyMCUyMCUyMCU3RCUyOSUzQiUwQSU3RCUyOSUzQiUwQSUwQSUwQSUwQSUwQSUwQSUwQSUwQSUwQSUwQSUwQSUwQXZhciUyMGVsbSUyMCUzRCUyMGRvY3VtZW50LnF1ZXJ5U2VsZWN0b3JBbGwlMjglMjcucm93LW5vLXNocmluayUyMC5zZWN0aW9uX2lubmVyX21hcmdpbiUyNyUyOSU1QjAlNUQlM0IlMEFlbG0uc3R5bGUud2lkdGglMjAlM0QlMjAlMjhlbG0ub2Zmc2V0V2lkdGglMjAlMkIlMjAyMDAlMjklMjAlMkIlMjAlMjdweCUyNyUzQiUwQSUwQSUwQXZhciUyMCUyNHNlYyUyMCUzRCUyMCUyNCUyOCUyNy5yb3ctbm8tc2hyaW5rJTIwLnNlY3Rpb25faW5uZXIlMjclMjklM0IlMEElMEElMjAlMjAlMjQlMjhmdW5jdGlvbiUyOCUyOSUyMCU3QiUwQSUwOSUwOSUwOSUyNHNlYy5tb3VzZXdoZWVsJTI4ZnVuY3Rpb24lMjhldmVudCUyQyUyMGRlbHRhJTI5JTIwJTdCJTBBJTA5JTA5JTA5JTA5dGhpcy5zY3JvbGxMZWZ0JTIwLSUzRCUyMCUyOGRlbHRhJTIwJTJBJTIwMzAlMjklM0IlMEElMDklMDklMDklMDlldmVudC5wcmV2ZW50RGVmYXVsdCUyOCUyOSUzQiUwQSUwOSUwOSUwOSU3RCUyOSUzQiUwQSUwOSUwOSU3RCUyOSUzQiUwQSUwOSUwQSU3RCUyOSUzQiUwQSUwQSUwQSUwQSUwQSUzQyUyRnNjcmlwdCUzRQ==[\/vc_raw_js][\/vc_column][\/vc_row]<\/p>\n","protected":false},"excerpt":{"rendered":"<p>[vc_row css_animation=\u00a0\u00bb\u00a0\u00bb row_type=\u00a0\u00bbrow\u00a0\u00bb use_row_as_full_screen_section=\u00a0\u00bbno\u00a0\u00bb type=\u00a0\u00bbgrid\u00a0\u00bb angled_section=\u00a0\u00bbno\u00a0\u00bb text_align=\u00a0\u00bbleft\u00a0\u00bb background_image_as_pattern=\u00a0\u00bbwithout_pattern\u00a0\u00bb z_index=\u00a0\u00bb\u00a0\u00bb el_class=\u00a0\u00bbrow-no-shrink wslsrq-row-dark\u00a0\u00bb css=\u00a0\u00bb.vc_custom_1617884740259{background-color: #000000 !important;}\u00a0\u00bb][vc_column width=\u00a0\u00bb1\/12&Prime; offset=\u00a0\u00bbvc_col-lg-1 vc_col-md-1 vc_col-xs-1&Prime;][vc_column_text] LA MACHINE Du sur mesure, des mat\u00e9riaux raffin\u00e9s. Une pr\u00e9cision incomparable. La station de formage, le remplissage des barquettes, l\u2018emballage sous vide \/ MAP, les stations de&#8230;<\/p>\n","protected":false},"author":1,"featured_media":0,"parent":0,"menu_order":0,"comment_status":"closed","ping_status":"closed","template":"full_screen.php","meta":[],"yoast_head":"<!-- This site is optimized with the Yoast SEO plugin v17.1 - https:\/\/yoast.com\/wordpress\/plugins\/seo\/ -->\n<title>La machine - Tecnosistem<\/title>\n<meta name=\"robots\" content=\"index, follow, max-snippet:-1, max-image-preview:large, max-video-preview:-1\" \/>\n<link rel=\"canonical\" href=\"https:\/\/tecnosistem.com\/fr\/la-machine\/\" \/>\n<meta property=\"og:locale\" content=\"fr_FR\" \/>\n<meta property=\"og:type\" content=\"article\" \/>\n<meta property=\"og:title\" content=\"La machine - Tecnosistem\" \/>\n<meta property=\"og:description\" content=\"[vc_row css_animation=\u00a0\u00bb\u00a0\u00bb row_type=\u00a0\u00bbrow\u00a0\u00bb use_row_as_full_screen_section=\u00a0\u00bbno\u00a0\u00bb type=\u00a0\u00bbgrid\u00a0\u00bb angled_section=\u00a0\u00bbno\u00a0\u00bb text_align=\u00a0\u00bbleft\u00a0\u00bb background_image_as_pattern=\u00a0\u00bbwithout_pattern\u00a0\u00bb z_index=\u00a0\u00bb\u00a0\u00bb el_class=\u00a0\u00bbrow-no-shrink wslsrq-row-dark\u00a0\u00bb css=\u00a0\u00bb.vc_custom_1617884740259{background-color: #000000 !important;}\u00a0\u00bb][vc_column width=\u00a0\u00bb1\/12&Prime; offset=\u00a0\u00bbvc_col-lg-1 vc_col-md-1 vc_col-xs-1&Prime;][vc_column_text] LA MACHINE Du sur mesure, des mat\u00e9riaux raffin\u00e9s. Une pr\u00e9cision incomparable. La station de formage, le remplissage des barquettes, l\u2018emballage sous vide \/ MAP, les stations de...\" \/>\n<meta property=\"og:url\" content=\"https:\/\/tecnosistem.com\/fr\/la-machine\/\" \/>\n<meta property=\"og:site_name\" content=\"Tecnosistem\" \/>\n<meta property=\"article:modified_time\" content=\"2021-08-23T08:57:35+00:00\" \/>\n<meta property=\"og:image\" content=\"https:\/\/tecnosistem.com\/wp-content\/uploads\/2021\/04\/01-icona-straight-cut.png\" \/>\n<meta name=\"twitter:card\" content=\"summary_large_image\" \/>\n<meta name=\"twitter:label1\" content=\"Dur\u00e9e de lecture est.\" \/>\n\t<meta name=\"twitter:data1\" content=\"3 minutes\" \/>\n<script type=\"application\/ld+json\" class=\"yoast-schema-graph\">{\"@context\":\"https:\/\/schema.org\",\"@graph\":[{\"@type\":\"Organization\",\"@id\":\"https:\/\/tecnosistem.com\/#organization\",\"name\":\"Tecnosistem\",\"url\":\"https:\/\/tecnosistem.com\/\",\"sameAs\":[\"https:\/\/www.linkedin.com\/company\/tecnosistemsrl\/\",\"https:\/\/www.youtube.com\/channel\/UC2vWk47p4hjlqRL8rzFgcZg\"],\"logo\":{\"@type\":\"ImageObject\",\"@id\":\"https:\/\/tecnosistem.com\/#logo\",\"inLanguage\":\"fr-FR\",\"url\":\"https:\/\/tecnosistem.com\/wp-content\/uploads\/2021\/03\/logo-tecnosistem.png\",\"contentUrl\":\"https:\/\/tecnosistem.com\/wp-content\/uploads\/2021\/03\/logo-tecnosistem.png\",\"width\":400,\"height\":144,\"caption\":\"Tecnosistem\"},\"image\":{\"@id\":\"https:\/\/tecnosistem.com\/#logo\"}},{\"@type\":\"WebSite\",\"@id\":\"https:\/\/tecnosistem.com\/#website\",\"url\":\"https:\/\/tecnosistem.com\/\",\"name\":\"Tecnosistem\",\"description\":\"Excellence in packaging\",\"publisher\":{\"@id\":\"https:\/\/tecnosistem.com\/#organization\"},\"potentialAction\":[{\"@type\":\"SearchAction\",\"target\":{\"@type\":\"EntryPoint\",\"urlTemplate\":\"https:\/\/tecnosistem.com\/?s={search_term_string}\"},\"query-input\":\"required name=search_term_string\"}],\"inLanguage\":\"fr-FR\"},{\"@type\":\"ImageObject\",\"@id\":\"https:\/\/tecnosistem.com\/fr\/la-machine\/#primaryimage\",\"inLanguage\":\"fr-FR\",\"url\":\"https:\/\/tecnosistem.com\/wp-content\/uploads\/2021\/04\/01-icona-straight-cut.png\",\"contentUrl\":\"https:\/\/tecnosistem.com\/wp-content\/uploads\/2021\/04\/01-icona-straight-cut.png\",\"width\":56,\"height\":35},{\"@type\":\"WebPage\",\"@id\":\"https:\/\/tecnosistem.com\/fr\/la-machine\/#webpage\",\"url\":\"https:\/\/tecnosistem.com\/fr\/la-machine\/\",\"name\":\"La machine - Tecnosistem\",\"isPartOf\":{\"@id\":\"https:\/\/tecnosistem.com\/#website\"},\"primaryImageOfPage\":{\"@id\":\"https:\/\/tecnosistem.com\/fr\/la-machine\/#primaryimage\"},\"datePublished\":\"2021-03-18T11:07:14+00:00\",\"dateModified\":\"2021-08-23T08:57:35+00:00\",\"breadcrumb\":{\"@id\":\"https:\/\/tecnosistem.com\/fr\/la-machine\/#breadcrumb\"},\"inLanguage\":\"fr-FR\",\"potentialAction\":[{\"@type\":\"ReadAction\",\"target\":[\"https:\/\/tecnosistem.com\/fr\/la-machine\/\"]}]},{\"@type\":\"BreadcrumbList\",\"@id\":\"https:\/\/tecnosistem.com\/fr\/la-machine\/#breadcrumb\",\"itemListElement\":[{\"@type\":\"ListItem\",\"position\":1,\"name\":\"Home\",\"item\":\"https:\/\/tecnosistem.com\/fr\/\"},{\"@type\":\"ListItem\",\"position\":2,\"name\":\"La machine\"}]}]}<\/script>\n<!-- \/ Yoast SEO plugin. -->","yoast_head_json":{"title":"La machine - Tecnosistem","robots":{"index":"index","follow":"follow","max-snippet":"max-snippet:-1","max-image-preview":"max-image-preview:large","max-video-preview":"max-video-preview:-1"},"canonical":"https:\/\/tecnosistem.com\/fr\/la-machine\/","og_locale":"fr_FR","og_type":"article","og_title":"La machine - Tecnosistem","og_description":"[vc_row css_animation=\u00a0\u00bb\u00a0\u00bb row_type=\u00a0\u00bbrow\u00a0\u00bb use_row_as_full_screen_section=\u00a0\u00bbno\u00a0\u00bb type=\u00a0\u00bbgrid\u00a0\u00bb angled_section=\u00a0\u00bbno\u00a0\u00bb text_align=\u00a0\u00bbleft\u00a0\u00bb background_image_as_pattern=\u00a0\u00bbwithout_pattern\u00a0\u00bb z_index=\u00a0\u00bb\u00a0\u00bb el_class=\u00a0\u00bbrow-no-shrink wslsrq-row-dark\u00a0\u00bb css=\u00a0\u00bb.vc_custom_1617884740259{background-color: #000000 !important;}\u00a0\u00bb][vc_column width=\u00a0\u00bb1\/12&Prime; offset=\u00a0\u00bbvc_col-lg-1 vc_col-md-1 vc_col-xs-1&Prime;][vc_column_text] LA MACHINE Du sur mesure, des mat\u00e9riaux raffin\u00e9s. Une pr\u00e9cision incomparable. La station de formage, le remplissage des barquettes, l\u2018emballage sous vide \/ MAP, les stations de...","og_url":"https:\/\/tecnosistem.com\/fr\/la-machine\/","og_site_name":"Tecnosistem","article_modified_time":"2021-08-23T08:57:35+00:00","og_image":[{"url":"https:\/\/tecnosistem.com\/wp-content\/uploads\/2021\/04\/01-icona-straight-cut.png"}],"twitter_card":"summary_large_image","twitter_misc":{"Dur\u00e9e de lecture est.":"3 minutes"},"schema":{"@context":"https:\/\/schema.org","@graph":[{"@type":"Organization","@id":"https:\/\/tecnosistem.com\/#organization","name":"Tecnosistem","url":"https:\/\/tecnosistem.com\/","sameAs":["https:\/\/www.linkedin.com\/company\/tecnosistemsrl\/","https:\/\/www.youtube.com\/channel\/UC2vWk47p4hjlqRL8rzFgcZg"],"logo":{"@type":"ImageObject","@id":"https:\/\/tecnosistem.com\/#logo","inLanguage":"fr-FR","url":"https:\/\/tecnosistem.com\/wp-content\/uploads\/2021\/03\/logo-tecnosistem.png","contentUrl":"https:\/\/tecnosistem.com\/wp-content\/uploads\/2021\/03\/logo-tecnosistem.png","width":400,"height":144,"caption":"Tecnosistem"},"image":{"@id":"https:\/\/tecnosistem.com\/#logo"}},{"@type":"WebSite","@id":"https:\/\/tecnosistem.com\/#website","url":"https:\/\/tecnosistem.com\/","name":"Tecnosistem","description":"Excellence in packaging","publisher":{"@id":"https:\/\/tecnosistem.com\/#organization"},"potentialAction":[{"@type":"SearchAction","target":{"@type":"EntryPoint","urlTemplate":"https:\/\/tecnosistem.com\/?s={search_term_string}"},"query-input":"required name=search_term_string"}],"inLanguage":"fr-FR"},{"@type":"ImageObject","@id":"https:\/\/tecnosistem.com\/fr\/la-machine\/#primaryimage","inLanguage":"fr-FR","url":"https:\/\/tecnosistem.com\/wp-content\/uploads\/2021\/04\/01-icona-straight-cut.png","contentUrl":"https:\/\/tecnosistem.com\/wp-content\/uploads\/2021\/04\/01-icona-straight-cut.png","width":56,"height":35},{"@type":"WebPage","@id":"https:\/\/tecnosistem.com\/fr\/la-machine\/#webpage","url":"https:\/\/tecnosistem.com\/fr\/la-machine\/","name":"La machine - Tecnosistem","isPartOf":{"@id":"https:\/\/tecnosistem.com\/#website"},"primaryImageOfPage":{"@id":"https:\/\/tecnosistem.com\/fr\/la-machine\/#primaryimage"},"datePublished":"2021-03-18T11:07:14+00:00","dateModified":"2021-08-23T08:57:35+00:00","breadcrumb":{"@id":"https:\/\/tecnosistem.com\/fr\/la-machine\/#breadcrumb"},"inLanguage":"fr-FR","potentialAction":[{"@type":"ReadAction","target":["https:\/\/tecnosistem.com\/fr\/la-machine\/"]}]},{"@type":"BreadcrumbList","@id":"https:\/\/tecnosistem.com\/fr\/la-machine\/#breadcrumb","itemListElement":[{"@type":"ListItem","position":1,"name":"Home","item":"https:\/\/tecnosistem.com\/fr\/"},{"@type":"ListItem","position":2,"name":"La machine"}]}]}},"_links":{"self":[{"href":"https:\/\/tecnosistem.com\/fr\/wp-json\/wp\/v2\/pages\/1483"}],"collection":[{"href":"https:\/\/tecnosistem.com\/fr\/wp-json\/wp\/v2\/pages"}],"about":[{"href":"https:\/\/tecnosistem.com\/fr\/wp-json\/wp\/v2\/types\/page"}],"author":[{"embeddable":true,"href":"https:\/\/tecnosistem.com\/fr\/wp-json\/wp\/v2\/users\/1"}],"replies":[{"embeddable":true,"href":"https:\/\/tecnosistem.com\/fr\/wp-json\/wp\/v2\/comments?post=1483"}],"version-history":[{"count":6,"href":"https:\/\/tecnosistem.com\/fr\/wp-json\/wp\/v2\/pages\/1483\/revisions"}],"predecessor-version":[{"id":1616,"href":"https:\/\/tecnosistem.com\/fr\/wp-json\/wp\/v2\/pages\/1483\/revisions\/1616"}],"wp:attachment":[{"href":"https:\/\/tecnosistem.com\/fr\/wp-json\/wp\/v2\/media?parent=1483"}],"curies":[{"name":"wp","href":"https:\/\/api.w.org\/{rel}","templated":true}]}}